{"id":3474,"date":"2021-01-15T18:20:40","date_gmt":"2021-01-15T18:20:40","guid":{"rendered":"https:\/\/www.empower-solar.com\/?page_id=3474"},"modified":"2025-10-09T18:09:26","modified_gmt":"2025-10-09T18:09:26","slug":"commercial-solar2","status":"publish","type":"page","link":"https:\/\/empower-solar.com\/es\/commercial-solar2\/","title":{"rendered":"Solar comercial \u2013 Hub V2"},"content":{"rendered":"","protected":false},"excerpt":{"rendered":"","protected":false},"author":2,"featured_media":1025,"parent":0,"menu_order":0,"comment_status":"closed","ping_status":"closed","template":"tpl-commercial-hub.php","meta":{"_acf_changed":false,"nf_dc_page":"","footnotes":""},"class_list":["post-3474","page","type-page","status-publish","has-post-thumbnail","hentry"],"acf":[],"yoast_head":"<!-- This site is optimized with the Yoast SEO plugin v27.4 - https:\/\/yoast.com\/product\/yoast-seo-wordpress\/ -->\n<title>Commercial Solar - Commercial Solar Panels - EmPower Solar<\/title>\n<meta name=\"description\" content=\"Use EmPower Solar for your commercial solar panel installation. Our portfolio includes businesses &amp; nonprofits, from Est\u00e9e Lauder to Freeport Fire House.\" \/>\n<meta name=\"robots\" content=\"index, follow, max-snippet:-1, max-image-preview:large, max-video-preview:-1\" \/>\n<link rel=\"canonical\" href=\"https:\/\/empower-solar.com\/es\/commercial-solar2\/\" \/>\n<meta property=\"og:locale\" content=\"es_ES\" \/>\n<meta property=\"og:type\" content=\"article\" \/>\n<meta property=\"og:title\" content=\"Commercial Solar - Commercial Solar Panels - EmPower Solar\" \/>\n<meta property=\"og:description\" content=\"Use EmPower Solar for your commercial solar panel installation. Our portfolio includes businesses &amp; nonprofits, from Est\u00e9e Lauder to Freeport Fire House.\" \/>\n<meta property=\"og:url\" content=\"https:\/\/empower-solar.com\/es\/commercial-solar2\/\" \/>\n<meta property=\"og:site_name\" content=\"EmPower Solar\" \/>\n<meta property=\"article:modified_time\" content=\"2025-10-09T18:09:26+00:00\" \/>\n<meta property=\"og:image\" content=\"https:\/\/empower-solar.com\/wp-content\/uploads\/2020\/10\/DJI_0203-scaled.jpg\" \/>\n\t<meta property=\"og:image:width\" content=\"2000\" \/>\n\t<meta property=\"og:image:height\" content=\"1124\" \/>\n\t<meta property=\"og:image:type\" content=\"image\/jpeg\" \/>\n<meta name=\"twitter:card\" content=\"summary_large_image\" \/>\n<meta name=\"twitter:label1\" content=\"Tiempo de lectura\" \/>\n\t<meta name=\"twitter:data1\" content=\"1 minuto\" \/>\n<script type=\"application\/ld+json\" class=\"yoast-schema-graph\">{\"@context\":\"https:\\\/\\\/schema.org\",\"@graph\":[{\"@type\":\"WebPage\",\"@id\":\"https:\\\/\\\/empower-solar.com\\\/commercial-solar2\\\/\",\"url\":\"https:\\\/\\\/empower-solar.com\\\/commercial-solar2\\\/\",\"name\":\"Commercial Solar - Commercial Solar Panels - EmPower Solar\",\"isPartOf\":{\"@id\":\"https:\\\/\\\/empower-solar.com\\\/en\\\/#website\"},\"primaryImageOfPage\":{\"@id\":\"https:\\\/\\\/empower-solar.com\\\/commercial-solar2\\\/#primaryimage\"},\"image\":{\"@id\":\"https:\\\/\\\/empower-solar.com\\\/commercial-solar2\\\/#primaryimage\"},\"thumbnailUrl\":\"https:\\\/\\\/i0.wp.com\\\/empower-solar.com\\\/wp-content\\\/uploads\\\/2020\\\/10\\\/DJI_0203-scaled.jpg?fit=2000%2C1124&ssl=1\",\"datePublished\":\"2021-01-15T18:20:40+00:00\",\"dateModified\":\"2025-10-09T18:09:26+00:00\",\"description\":\"Use EmPower Solar for your commercial solar panel installation. Our portfolio includes businesses & nonprofits, from Est\u00e9e Lauder to Freeport Fire House.\",\"breadcrumb\":{\"@id\":\"https:\\\/\\\/empower-solar.com\\\/commercial-solar2\\\/#breadcrumb\"},\"inLanguage\":\"es\",\"potentialAction\":[{\"@type\":\"ReadAction\",\"target\":[\"https:\\\/\\\/empower-solar.com\\\/commercial-solar2\\\/\"]}]},{\"@type\":\"ImageObject\",\"inLanguage\":\"es\",\"@id\":\"https:\\\/\\\/empower-solar.com\\\/commercial-solar2\\\/#primaryimage\",\"url\":\"https:\\\/\\\/i0.wp.com\\\/empower-solar.com\\\/wp-content\\\/uploads\\\/2020\\\/10\\\/DJI_0203-scaled.jpg?fit=2000%2C1124&ssl=1\",\"contentUrl\":\"https:\\\/\\\/i0.wp.com\\\/empower-solar.com\\\/wp-content\\\/uploads\\\/2020\\\/10\\\/DJI_0203-scaled.jpg?fit=2000%2C1124&ssl=1\",\"width\":2000,\"height\":1124,\"caption\":\"Aerial view of a solar panel array adjacent to a commercial building\"},{\"@type\":\"BreadcrumbList\",\"@id\":\"https:\\\/\\\/empower-solar.com\\\/commercial-solar2\\\/#breadcrumb\",\"itemListElement\":[{\"@type\":\"ListItem\",\"position\":1,\"name\":\"Home\",\"item\":\"https:\\\/\\\/empower-solar.com\\\/en\\\/\"},{\"@type\":\"ListItem\",\"position\":2,\"name\":\"Commercial Solar &#8211; Hub V2\"}]},{\"@type\":\"WebSite\",\"@id\":\"https:\\\/\\\/empower-solar.com\\\/en\\\/#website\",\"url\":\"https:\\\/\\\/empower-solar.com\\\/en\\\/\",\"name\":\"EmPower Solar\",\"description\":\"Long Island + NYC Solar Company\",\"publisher\":{\"@id\":\"https:\\\/\\\/empower-solar.com\\\/en\\\/#organization\"},\"potentialAction\":[{\"@type\":\"SearchAction\",\"target\":{\"@type\":\"EntryPoint\",\"urlTemplate\":\"https:\\\/\\\/empower-solar.com\\\/en\\\/?s={search_term_string}\"},\"query-input\":{\"@type\":\"PropertyValueSpecification\",\"valueRequired\":true,\"valueName\":\"search_term_string\"}}],\"inLanguage\":\"es\"},{\"@type\":\"Organization\",\"@id\":\"https:\\\/\\\/empower-solar.com\\\/en\\\/#organization\",\"name\":\"EmPower Solar\",\"url\":\"https:\\\/\\\/empower-solar.com\\\/en\\\/\",\"logo\":{\"@type\":\"ImageObject\",\"inLanguage\":\"es\",\"@id\":\"https:\\\/\\\/empower-solar.com\\\/en\\\/#\\\/schema\\\/logo\\\/image\\\/\",\"url\":\"http:\\\/\\\/www.empower-solar.com\\\/wp-content\\\/uploads\\\/2020\\\/10\\\/New-Logo-Social.jpg\",\"contentUrl\":\"http:\\\/\\\/www.empower-solar.com\\\/wp-content\\\/uploads\\\/2020\\\/10\\\/New-Logo-Social.jpg\",\"width\":1000,\"height\":1000,\"caption\":\"EmPower Solar\"},\"image\":{\"@id\":\"https:\\\/\\\/empower-solar.com\\\/en\\\/#\\\/schema\\\/logo\\\/image\\\/\"}}]}<\/script>\n<!-- \/ Yoast SEO plugin. -->","yoast_head_json":{"title":"Commercial Solar - Commercial Solar Panels - EmPower Solar","description":"Use EmPower Solar for your commercial solar panel installation. Our portfolio includes businesses & nonprofits, from Est\u00e9e Lauder to Freeport Fire House.","robots":{"index":"index","follow":"follow","max-snippet":"max-snippet:-1","max-image-preview":"max-image-preview:large","max-video-preview":"max-video-preview:-1"},"canonical":"https:\/\/empower-solar.com\/es\/commercial-solar2\/","og_locale":"es_ES","og_type":"article","og_title":"Commercial Solar - Commercial Solar Panels - EmPower Solar","og_description":"Use EmPower Solar for your commercial solar panel installation. Our portfolio includes businesses & nonprofits, from Est\u00e9e Lauder to Freeport Fire House.","og_url":"https:\/\/empower-solar.com\/es\/commercial-solar2\/","og_site_name":"EmPower Solar","article_modified_time":"2025-10-09T18:09:26+00:00","og_image":[{"width":2000,"height":1124,"url":"https:\/\/empower-solar.com\/wp-content\/uploads\/2020\/10\/DJI_0203-scaled.jpg","type":"image\/jpeg"}],"twitter_card":"summary_large_image","twitter_misc":{"Tiempo de lectura":"1 minuto"},"schema":{"@context":"https:\/\/schema.org","@graph":[{"@type":"WebPage","@id":"https:\/\/empower-solar.com\/commercial-solar2\/","url":"https:\/\/empower-solar.com\/commercial-solar2\/","name":"Commercial Solar - Commercial Solar Panels - EmPower Solar","isPartOf":{"@id":"https:\/\/empower-solar.com\/en\/#website"},"primaryImageOfPage":{"@id":"https:\/\/empower-solar.com\/commercial-solar2\/#primaryimage"},"image":{"@id":"https:\/\/empower-solar.com\/commercial-solar2\/#primaryimage"},"thumbnailUrl":"https:\/\/i0.wp.com\/empower-solar.com\/wp-content\/uploads\/2020\/10\/DJI_0203-scaled.jpg?fit=2000%2C1124&ssl=1","datePublished":"2021-01-15T18:20:40+00:00","dateModified":"2025-10-09T18:09:26+00:00","description":"Use EmPower Solar for your commercial solar panel installation. Our portfolio includes businesses & nonprofits, from Est\u00e9e Lauder to Freeport Fire House.","breadcrumb":{"@id":"https:\/\/empower-solar.com\/commercial-solar2\/#breadcrumb"},"inLanguage":"es","potentialAction":[{"@type":"ReadAction","target":["https:\/\/empower-solar.com\/commercial-solar2\/"]}]},{"@type":"ImageObject","inLanguage":"es","@id":"https:\/\/empower-solar.com\/commercial-solar2\/#primaryimage","url":"https:\/\/i0.wp.com\/empower-solar.com\/wp-content\/uploads\/2020\/10\/DJI_0203-scaled.jpg?fit=2000%2C1124&ssl=1","contentUrl":"https:\/\/i0.wp.com\/empower-solar.com\/wp-content\/uploads\/2020\/10\/DJI_0203-scaled.jpg?fit=2000%2C1124&ssl=1","width":2000,"height":1124,"caption":"Aerial view of a solar panel array adjacent to a commercial building"},{"@type":"BreadcrumbList","@id":"https:\/\/empower-solar.com\/commercial-solar2\/#breadcrumb","itemListElement":[{"@type":"ListItem","position":1,"name":"Home","item":"https:\/\/empower-solar.com\/en\/"},{"@type":"ListItem","position":2,"name":"Commercial Solar &#8211; Hub V2"}]},{"@type":"WebSite","@id":"https:\/\/empower-solar.com\/en\/#website","url":"https:\/\/empower-solar.com\/en\/","name":"Energ\u00eda Solar","description":"Long Island + Compa\u00f1\u00eda Solar de Nueva York","publisher":{"@id":"https:\/\/empower-solar.com\/en\/#organization"},"potentialAction":[{"@type":"SearchAction","target":{"@type":"EntryPoint","urlTemplate":"https:\/\/empower-solar.com\/en\/?s={search_term_string}"},"query-input":{"@type":"PropertyValueSpecification","valueRequired":true,"valueName":"search_term_string"}}],"inLanguage":"es"},{"@type":"Organization","@id":"https:\/\/empower-solar.com\/en\/#organization","name":"Energ\u00eda Solar","url":"https:\/\/empower-solar.com\/en\/","logo":{"@type":"ImageObject","inLanguage":"es","@id":"https:\/\/empower-solar.com\/en\/#\/schema\/logo\/image\/","url":"http:\/\/www.empower-solar.com\/wp-content\/uploads\/2020\/10\/New-Logo-Social.jpg","contentUrl":"http:\/\/www.empower-solar.com\/wp-content\/uploads\/2020\/10\/New-Logo-Social.jpg","width":1000,"height":1000,"caption":"EmPower Solar"},"image":{"@id":"https:\/\/empower-solar.com\/en\/#\/schema\/logo\/image\/"}}]}},"jetpack_sharing_enabled":true,"_links":{"self":[{"href":"https:\/\/empower-solar.com\/es\/wp-json\/wp\/v2\/pages\/3474","targetHints":{"allow":["GET"]}}],"collection":[{"href":"https:\/\/empower-solar.com\/es\/wp-json\/wp\/v2\/pages"}],"about":[{"href":"https:\/\/empower-solar.com\/es\/wp-json\/wp\/v2\/types\/page"}],"author":[{"embeddable":true,"href":"https:\/\/empower-solar.com\/es\/wp-json\/wp\/v2\/users\/2"}],"replies":[{"embeddable":true,"href":"https:\/\/empower-solar.com\/es\/wp-json\/wp\/v2\/comments?post=3474"}],"version-history":[{"count":1,"href":"https:\/\/empower-solar.com\/es\/wp-json\/wp\/v2\/pages\/3474\/revisions"}],"predecessor-version":[{"id":29162,"href":"https:\/\/empower-solar.com\/es\/wp-json\/wp\/v2\/pages\/3474\/revisions\/29162"}],"wp:featuredmedia":[{"embeddable":true,"href":"https:\/\/empower-solar.com\/es\/wp-json\/wp\/v2\/media\/1025"}],"wp:attachment":[{"href":"https:\/\/empower-solar.com\/es\/wp-json\/wp\/v2\/media?parent=3474"}],"curies":[{"name":"wp","href":"https:\/\/api.w.org\/{rel}","templated":true}]}}