{"id":25997,"date":"2024-08-12T20:26:12","date_gmt":"2024-08-12T20:26:12","guid":{"rendered":"https:\/\/www.empower-solar.com\/?page_id=25997"},"modified":"2024-09-16T17:47:00","modified_gmt":"2024-09-16T17:47:00","slug":"na-tab","status":"publish","type":"page","link":"https:\/\/empower-solar.com\/es\/na-tab\/","title":{"rendered":"Ahorre a lo grande con energ\u00eda solar y bater\u00eda"},"content":{"rendered":"","protected":false},"excerpt":{"rendered":"","protected":false},"author":4,"featured_media":0,"parent":0,"menu_order":0,"comment_status":"closed","ping_status":"closed","template":"kids-day-out-long-island.php","meta":{"_acf_changed":false,"nf_dc_page":"","footnotes":""},"class_list":["post-25997","page","type-page","status-publish","hentry"],"acf":[],"yoast_head":"<!-- This site is optimized with the Yoast SEO plugin v27.4 - https:\/\/yoast.com\/product\/yoast-seo-wordpress\/ -->\n<title>Save Big with Solar + Battery - EmPower Solar<\/title>\n<meta name=\"description\" content=\"Discover how solar and batteries can reduce your energy bills! Learn about potential savings and incentives for Long Island and NYC.\" \/>\n<meta name=\"robots\" content=\"index, follow, max-snippet:-1, max-image-preview:large, max-video-preview:-1\" \/>\n<link rel=\"canonical\" href=\"https:\/\/empower-solar.com\/es\/na-tab\/\" \/>\n<meta property=\"og:locale\" content=\"es_ES\" \/>\n<meta property=\"og:type\" content=\"article\" \/>\n<meta property=\"og:title\" content=\"Save Big with Solar + Battery - EmPower Solar\" \/>\n<meta property=\"og:description\" content=\"Discover how solar and batteries can reduce your energy bills! Learn about potential savings and incentives for Long Island and NYC.\" \/>\n<meta property=\"og:url\" content=\"https:\/\/empower-solar.com\/es\/na-tab\/\" \/>\n<meta property=\"og:site_name\" content=\"EmPower Solar\" \/>\n<meta property=\"article:modified_time\" content=\"2024-09-16T17:47:00+00:00\" \/>\n<meta name=\"twitter:card\" content=\"summary_large_image\" \/>\n<script type=\"application\/ld+json\" class=\"yoast-schema-graph\">{\"@context\":\"https:\\\/\\\/schema.org\",\"@graph\":[{\"@type\":\"WebPage\",\"@id\":\"https:\\\/\\\/empower-solar.com\\\/en\\\/na-tab\\\/\",\"url\":\"https:\\\/\\\/empower-solar.com\\\/en\\\/na-tab\\\/\",\"name\":\"Save Big with Solar + Battery - EmPower Solar\",\"isPartOf\":{\"@id\":\"https:\\\/\\\/empower-solar.com\\\/en\\\/#website\"},\"datePublished\":\"2024-08-12T20:26:12+00:00\",\"dateModified\":\"2024-09-16T17:47:00+00:00\",\"description\":\"Discover how solar and batteries can reduce your energy bills! Learn about potential savings and incentives for Long Island and NYC.\",\"breadcrumb\":{\"@id\":\"https:\\\/\\\/empower-solar.com\\\/en\\\/na-tab\\\/#breadcrumb\"},\"inLanguage\":\"es\",\"potentialAction\":[{\"@type\":\"ReadAction\",\"target\":[\"https:\\\/\\\/empower-solar.com\\\/en\\\/na-tab\\\/\"]}]},{\"@type\":\"BreadcrumbList\",\"@id\":\"https:\\\/\\\/empower-solar.com\\\/en\\\/na-tab\\\/#breadcrumb\",\"itemListElement\":[{\"@type\":\"ListItem\",\"position\":1,\"name\":\"Home\",\"item\":\"https:\\\/\\\/empower-solar.com\\\/en\\\/\"},{\"@type\":\"ListItem\",\"position\":2,\"name\":\"Save Big with Solar + Battery\"}]},{\"@type\":\"WebSite\",\"@id\":\"https:\\\/\\\/empower-solar.com\\\/en\\\/#website\",\"url\":\"https:\\\/\\\/empower-solar.com\\\/en\\\/\",\"name\":\"EmPower Solar\",\"description\":\"Long Island + NYC Solar Company\",\"publisher\":{\"@id\":\"https:\\\/\\\/empower-solar.com\\\/en\\\/#organization\"},\"potentialAction\":[{\"@type\":\"SearchAction\",\"target\":{\"@type\":\"EntryPoint\",\"urlTemplate\":\"https:\\\/\\\/empower-solar.com\\\/en\\\/?s={search_term_string}\"},\"query-input\":{\"@type\":\"PropertyValueSpecification\",\"valueRequired\":true,\"valueName\":\"search_term_string\"}}],\"inLanguage\":\"es\"},{\"@type\":\"Organization\",\"@id\":\"https:\\\/\\\/empower-solar.com\\\/en\\\/#organization\",\"name\":\"EmPower Solar\",\"url\":\"https:\\\/\\\/empower-solar.com\\\/en\\\/\",\"logo\":{\"@type\":\"ImageObject\",\"inLanguage\":\"es\",\"@id\":\"https:\\\/\\\/empower-solar.com\\\/en\\\/#\\\/schema\\\/logo\\\/image\\\/\",\"url\":\"http:\\\/\\\/www.empower-solar.com\\\/wp-content\\\/uploads\\\/2020\\\/10\\\/New-Logo-Social.jpg\",\"contentUrl\":\"http:\\\/\\\/www.empower-solar.com\\\/wp-content\\\/uploads\\\/2020\\\/10\\\/New-Logo-Social.jpg\",\"width\":1000,\"height\":1000,\"caption\":\"EmPower Solar\"},\"image\":{\"@id\":\"https:\\\/\\\/empower-solar.com\\\/en\\\/#\\\/schema\\\/logo\\\/image\\\/\"}}]}<\/script>\n<!-- \/ Yoast SEO plugin. -->","yoast_head_json":{"title":"Save Big with Solar + Battery - EmPower Solar","description":"Discover how solar and batteries can reduce your energy bills! Learn about potential savings and incentives for Long Island and NYC.","robots":{"index":"index","follow":"follow","max-snippet":"max-snippet:-1","max-image-preview":"max-image-preview:large","max-video-preview":"max-video-preview:-1"},"canonical":"https:\/\/empower-solar.com\/es\/na-tab\/","og_locale":"es_ES","og_type":"article","og_title":"Save Big with Solar + Battery - EmPower Solar","og_description":"Discover how solar and batteries can reduce your energy bills! Learn about potential savings and incentives for Long Island and NYC.","og_url":"https:\/\/empower-solar.com\/es\/na-tab\/","og_site_name":"EmPower Solar","article_modified_time":"2024-09-16T17:47:00+00:00","twitter_card":"summary_large_image","schema":{"@context":"https:\/\/schema.org","@graph":[{"@type":"WebPage","@id":"https:\/\/empower-solar.com\/en\/na-tab\/","url":"https:\/\/empower-solar.com\/en\/na-tab\/","name":"Save Big with Solar + Battery - EmPower Solar","isPartOf":{"@id":"https:\/\/empower-solar.com\/en\/#website"},"datePublished":"2024-08-12T20:26:12+00:00","dateModified":"2024-09-16T17:47:00+00:00","description":"Discover how solar and batteries can reduce your energy bills! Learn about potential savings and incentives for Long Island and NYC.","breadcrumb":{"@id":"https:\/\/empower-solar.com\/en\/na-tab\/#breadcrumb"},"inLanguage":"es","potentialAction":[{"@type":"ReadAction","target":["https:\/\/empower-solar.com\/en\/na-tab\/"]}]},{"@type":"BreadcrumbList","@id":"https:\/\/empower-solar.com\/en\/na-tab\/#breadcrumb","itemListElement":[{"@type":"ListItem","position":1,"name":"Home","item":"https:\/\/empower-solar.com\/en\/"},{"@type":"ListItem","position":2,"name":"Save Big with Solar + Battery"}]},{"@type":"WebSite","@id":"https:\/\/empower-solar.com\/en\/#website","url":"https:\/\/empower-solar.com\/en\/","name":"Energ\u00eda Solar","description":"Long Island + Compa\u00f1\u00eda Solar de Nueva York","publisher":{"@id":"https:\/\/empower-solar.com\/en\/#organization"},"potentialAction":[{"@type":"SearchAction","target":{"@type":"EntryPoint","urlTemplate":"https:\/\/empower-solar.com\/en\/?s={search_term_string}"},"query-input":{"@type":"PropertyValueSpecification","valueRequired":true,"valueName":"search_term_string"}}],"inLanguage":"es"},{"@type":"Organization","@id":"https:\/\/empower-solar.com\/en\/#organization","name":"Energ\u00eda Solar","url":"https:\/\/empower-solar.com\/en\/","logo":{"@type":"ImageObject","inLanguage":"es","@id":"https:\/\/empower-solar.com\/en\/#\/schema\/logo\/image\/","url":"http:\/\/www.empower-solar.com\/wp-content\/uploads\/2020\/10\/New-Logo-Social.jpg","contentUrl":"http:\/\/www.empower-solar.com\/wp-content\/uploads\/2020\/10\/New-Logo-Social.jpg","width":1000,"height":1000,"caption":"EmPower Solar"},"image":{"@id":"https:\/\/empower-solar.com\/en\/#\/schema\/logo\/image\/"}}]}},"jetpack_sharing_enabled":true,"_links":{"self":[{"href":"https:\/\/empower-solar.com\/es\/wp-json\/wp\/v2\/pages\/25997","targetHints":{"allow":["GET"]}}],"collection":[{"href":"https:\/\/empower-solar.com\/es\/wp-json\/wp\/v2\/pages"}],"about":[{"href":"https:\/\/empower-solar.com\/es\/wp-json\/wp\/v2\/types\/page"}],"author":[{"embeddable":true,"href":"https:\/\/empower-solar.com\/es\/wp-json\/wp\/v2\/users\/4"}],"replies":[{"embeddable":true,"href":"https:\/\/empower-solar.com\/es\/wp-json\/wp\/v2\/comments?post=25997"}],"version-history":[{"count":7,"href":"https:\/\/empower-solar.com\/es\/wp-json\/wp\/v2\/pages\/25997\/revisions"}],"predecessor-version":[{"id":26608,"href":"https:\/\/empower-solar.com\/es\/wp-json\/wp\/v2\/pages\/25997\/revisions\/26608"}],"wp:attachment":[{"href":"https:\/\/empower-solar.com\/es\/wp-json\/wp\/v2\/media?parent=25997"}],"curies":[{"name":"wp","href":"https:\/\/api.w.org\/{rel}","templated":true}]}}