{"id":20627,"date":"2023-11-02T04:31:20","date_gmt":"2023-11-02T04:31:20","guid":{"rendered":"https:\/\/www.empower-solar.com\/?page_id=20627"},"modified":"2023-11-03T10:57:15","modified_gmt":"2023-11-03T10:57:15","slug":"cookie-policy","status":"publish","type":"page","link":"https:\/\/empower-solar.com\/es\/cookie-policy\/","title":{"rendered":"Pol\u00edtica de cookies"},"content":{"rendered":"<h1>Pol\u00edtica de cookies para power-solar.com<\/h1>\n<p>This is the Cookie Policy for empower-solar.com, accessible from https:\/\/empower-solar.com\/<\/p>\n<p><strong>\u00bfQu\u00e9 son las cookies?<\/strong><\/p>\n<p>Como es pr\u00e1ctica com\u00fan en casi todos los sitios web profesionales, este sitio utiliza cookies, que son peque\u00f1os archivos que se descargan en su computadora, para mejorar su experiencia. Esta p\u00e1gina describe qu\u00e9 informaci\u00f3n recopilan, c\u00f3mo la usamos y por qu\u00e9 a veces necesitamos almacenar estas cookies. Tambi\u00e9n compartiremos c\u00f3mo puede evitar que se almacenen estas cookies; sin embargo, esto puede degradar o &quot;romper&quot; ciertos elementos de la funcionalidad del sitio.<\/p>\n<p><strong>C\u00f3mo utilizamos las cookies<\/strong><\/p>\n<p>Utilizamos cookies por una variedad de razones que se detallan a continuaci\u00f3n. Desafortunadamente, en la mayor\u00eda de los casos no existen opciones est\u00e1ndar de la industria para deshabilitar las cookies sin deshabilitar completamente la funcionalidad y las caracter\u00edsticas que agregan a este sitio. Se recomienda que deje activadas todas las cookies si no est\u00e1 seguro de si las necesita o no en caso de que se utilicen para proporcionar un servicio que usted utiliza.<\/p>\n<p><strong>Deshabilitar las cookies<\/strong><\/p>\n<p>Puede evitar la instalaci\u00f3n de cookies ajustando la configuraci\u00f3n de su navegador. Tenga en cuenta que deshabilitar las cookies afectar\u00e1 la funcionalidad de este sitio web y de muchos otros sitios web que visite. Deshabilitar las cookies generalmente resultar\u00e1 en la deshabilitaci\u00f3n de ciertas funciones y caracter\u00edsticas de este sitio. Por ello se recomienda que no desactive las cookies.<\/p>\n<ul>\n<li>Cookies relacionadas con boletines informativos por correo electr\u00f3nico. Este sitio ofrece servicios de suscripci\u00f3n a boletines informativos o correo electr\u00f3nico y las cookies se pueden utilizar para recordar si ya est\u00e1 registrado y si desea mostrar ciertas notificaciones que podr\u00edan solo ser v\u00e1lidas para usuarios suscritos o cancelados.<\/li>\n<li>Cookies relacionadas con encuestasDe vez en cuando ofrecemos encuestas y cuestionarios para usuarios para brindarle informaci\u00f3n interesante, herramientas \u00fatiles o para comprender nuestra base de usuarios con mayor precisi\u00f3n. Estas encuestas pueden utilizar cookies para recordar qui\u00e9n ya particip\u00f3 en una encuesta o para brindarle resultados precisos despu\u00e9s de cambiar de p\u00e1gina.<\/li>\n<li>Cookies relacionadas con formularios Cuando env\u00eda datos a trav\u00e9s de un formulario como los que se encuentran en las p\u00e1ginas de contacto o formularios de comentarios, se pueden configurar cookies para recordar sus detalles de usuario para correspondencia futura.<\/li>\n<li>Cookies de preferencias del sitio Para brindarle una excelente experiencia en este sitio, brindamos la funcionalidad para configurar sus preferencias sobre c\u00f3mo se ejecuta este sitio cuando lo usa. Para recordar sus preferencias, necesitamos configurar cookies para que se pueda acceder a esta informaci\u00f3n cada vez que interact\u00fae con una p\u00e1gina afectada por sus preferencias.<\/li>\n<\/ul>\n<p><strong>Cookies de terceros<\/strong><\/p>\n<p>En algunos casos especiales tambi\u00e9n utilizamos cookies proporcionadas por terceros de confianza. La siguiente secci\u00f3n detalla qu\u00e9 cookies de terceros puede encontrar a trav\u00e9s de este sitio.<\/p>\n<ul>\n<li>Este sitio utiliza Google Analytics, que es una de las soluciones de an\u00e1lisis m\u00e1s extendidas y confiables en la web para ayudarnos a comprender c\u00f3mo utiliza el sitio y las formas en que podemos mejorar su experiencia. Estas cookies pueden rastrear cosas como cu\u00e1nto tiempo pasa en el sitio y las p\u00e1ginas que visita para que podamos continuar produciendo contenido atractivo. Para obtener m\u00e1s informaci\u00f3n sobre las cookies de Google Analytics, consulte la p\u00e1gina oficial de Google Analytics.<\/li>\n<li>Se utilizan an\u00e1lisis de terceros para rastrear y medir el uso de este sitio para que podamos continuar produciendo contenido atractivo. Estas cookies pueden rastrear aspectos como el tiempo que pasa en el sitio o las p\u00e1ginas que visita, lo que nos ayuda a comprender c\u00f3mo podemos mejorar el sitio para usted.<\/li>\n<li>De vez en cuando probamos nuevas funciones y realizamos cambios sutiles en la forma en que se entrega el sitio. Cuando todav\u00eda estamos probando nuevas funciones, estas cookies pueden usarse para garantizar que reciba una experiencia consistente y al mismo tiempo garantizar que comprendamos qu\u00e9 optimizaciones aprecian m\u00e1s nuestros usuarios.<\/li>\n<\/ul>\n<p><strong>M\u00e1s informaci\u00f3n<\/strong><\/p>\n<p>Para obtener m\u00e1s informaci\u00f3n general sobre las cookies, lea <a href=\"https:\/\/www.cookiepolicygenerator.com\/sample-cookies-policy\/\">el art\u00edculo Pol\u00edtica de Cookies<\/a>.<\/p>\n<p>Si todav\u00eda est\u00e1 buscando m\u00e1s informaci\u00f3n sobre las cookies utilizadas en nuestro sitio web, puede contactarnos utilizando uno de los m\u00e9todos siguientes.<\/p>\n<ul>\n<li>Correo electr\u00f3nico: marketing@empower-solar.com<\/li>\n<li>Tel\u00e9fono: 516.837.3459<\/li>\n<\/ul>","protected":false},"excerpt":{"rendered":"<p>Cookie Policy for empower-solar.com This is the Cookie Policy for empower-solar.com, accessible from https:\/\/empower-solar.com\/ What Are Cookies As is common practice with almost all professional websites this site uses cookies, which are tiny files that are downloaded to your computer, to improve your experience. This page describes what information they gather, how we use it [&hellip;]<\/p>\n","protected":false},"author":18,"featured_media":0,"parent":0,"menu_order":0,"comment_status":"closed","ping_status":"closed","template":"tpl-internal.php","meta":{"_acf_changed":false,"nf_dc_page":"","footnotes":""},"class_list":["post-20627","page","type-page","status-publish","hentry"],"acf":[],"yoast_head":"<!-- This site is optimized with the Yoast SEO plugin v27.4 - https:\/\/yoast.com\/product\/yoast-seo-wordpress\/ -->\n<title>Cookie Policy - EmPower Solar<\/title>\n<meta name=\"robots\" content=\"index, follow, max-snippet:-1, max-image-preview:large, max-video-preview:-1\" \/>\n<link rel=\"canonical\" href=\"https:\/\/empower-solar.com\/es\/cookie-policy\/\" \/>\n<meta property=\"og:locale\" content=\"es_ES\" \/>\n<meta property=\"og:type\" content=\"article\" \/>\n<meta property=\"og:title\" content=\"Cookie Policy - EmPower Solar\" \/>\n<meta property=\"og:description\" content=\"Cookie Policy for empower-solar.com This is the Cookie Policy for empower-solar.com, accessible from https:\/\/empower-solar.com\/ What Are Cookies As is common practice with almost all professional websites this site uses cookies, which are tiny files that are downloaded to your computer, to improve your experience. This page describes what information they gather, how we use it [&hellip;]\" \/>\n<meta property=\"og:url\" content=\"https:\/\/empower-solar.com\/es\/cookie-policy\/\" \/>\n<meta property=\"og:site_name\" content=\"EmPower Solar\" \/>\n<meta property=\"article:modified_time\" content=\"2023-11-03T10:57:15+00:00\" \/>\n<meta name=\"twitter:card\" content=\"summary_large_image\" \/>\n<meta name=\"twitter:label1\" content=\"Tiempo de lectura\" \/>\n\t<meta name=\"twitter:data1\" content=\"3 minutos\" \/>\n<script type=\"application\/ld+json\" class=\"yoast-schema-graph\">{\"@context\":\"https:\\\/\\\/schema.org\",\"@graph\":[{\"@type\":\"WebPage\",\"@id\":\"https:\\\/\\\/empower-solar.com\\\/en\\\/cookie-policy\\\/\",\"url\":\"https:\\\/\\\/empower-solar.com\\\/en\\\/cookie-policy\\\/\",\"name\":\"Cookie Policy - EmPower Solar\",\"isPartOf\":{\"@id\":\"https:\\\/\\\/empower-solar.com\\\/en\\\/#website\"},\"datePublished\":\"2023-11-02T04:31:20+00:00\",\"dateModified\":\"2023-11-03T10:57:15+00:00\",\"breadcrumb\":{\"@id\":\"https:\\\/\\\/empower-solar.com\\\/en\\\/cookie-policy\\\/#breadcrumb\"},\"inLanguage\":\"es\",\"potentialAction\":[{\"@type\":\"ReadAction\",\"target\":[\"https:\\\/\\\/empower-solar.com\\\/en\\\/cookie-policy\\\/\"]}]},{\"@type\":\"BreadcrumbList\",\"@id\":\"https:\\\/\\\/empower-solar.com\\\/en\\\/cookie-policy\\\/#breadcrumb\",\"itemListElement\":[{\"@type\":\"ListItem\",\"position\":1,\"name\":\"Home\",\"item\":\"https:\\\/\\\/empower-solar.com\\\/en\\\/\"},{\"@type\":\"ListItem\",\"position\":2,\"name\":\"Cookie Policy\"}]},{\"@type\":\"WebSite\",\"@id\":\"https:\\\/\\\/empower-solar.com\\\/en\\\/#website\",\"url\":\"https:\\\/\\\/empower-solar.com\\\/en\\\/\",\"name\":\"EmPower Solar\",\"description\":\"Long Island + NYC Solar Company\",\"publisher\":{\"@id\":\"https:\\\/\\\/empower-solar.com\\\/en\\\/#organization\"},\"potentialAction\":[{\"@type\":\"SearchAction\",\"target\":{\"@type\":\"EntryPoint\",\"urlTemplate\":\"https:\\\/\\\/empower-solar.com\\\/en\\\/?s={search_term_string}\"},\"query-input\":{\"@type\":\"PropertyValueSpecification\",\"valueRequired\":true,\"valueName\":\"search_term_string\"}}],\"inLanguage\":\"es\"},{\"@type\":\"Organization\",\"@id\":\"https:\\\/\\\/empower-solar.com\\\/en\\\/#organization\",\"name\":\"EmPower Solar\",\"url\":\"https:\\\/\\\/empower-solar.com\\\/en\\\/\",\"logo\":{\"@type\":\"ImageObject\",\"inLanguage\":\"es\",\"@id\":\"https:\\\/\\\/empower-solar.com\\\/en\\\/#\\\/schema\\\/logo\\\/image\\\/\",\"url\":\"http:\\\/\\\/www.empower-solar.com\\\/wp-content\\\/uploads\\\/2020\\\/10\\\/New-Logo-Social.jpg\",\"contentUrl\":\"http:\\\/\\\/www.empower-solar.com\\\/wp-content\\\/uploads\\\/2020\\\/10\\\/New-Logo-Social.jpg\",\"width\":1000,\"height\":1000,\"caption\":\"EmPower Solar\"},\"image\":{\"@id\":\"https:\\\/\\\/empower-solar.com\\\/en\\\/#\\\/schema\\\/logo\\\/image\\\/\"}}]}<\/script>\n<!-- \/ Yoast SEO plugin. -->","yoast_head_json":{"title":"Cookie Policy - EmPower Solar","robots":{"index":"index","follow":"follow","max-snippet":"max-snippet:-1","max-image-preview":"max-image-preview:large","max-video-preview":"max-video-preview:-1"},"canonical":"https:\/\/empower-solar.com\/es\/cookie-policy\/","og_locale":"es_ES","og_type":"article","og_title":"Cookie Policy - EmPower Solar","og_description":"Cookie Policy for empower-solar.com This is the Cookie Policy for empower-solar.com, accessible from https:\/\/empower-solar.com\/ What Are Cookies As is common practice with almost all professional websites this site uses cookies, which are tiny files that are downloaded to your computer, to improve your experience. This page describes what information they gather, how we use it [&hellip;]","og_url":"https:\/\/empower-solar.com\/es\/cookie-policy\/","og_site_name":"EmPower Solar","article_modified_time":"2023-11-03T10:57:15+00:00","twitter_card":"summary_large_image","twitter_misc":{"Tiempo de lectura":"3 minutos"},"schema":{"@context":"https:\/\/schema.org","@graph":[{"@type":"WebPage","@id":"https:\/\/empower-solar.com\/en\/cookie-policy\/","url":"https:\/\/empower-solar.com\/en\/cookie-policy\/","name":"Cookie Policy - EmPower Solar","isPartOf":{"@id":"https:\/\/empower-solar.com\/en\/#website"},"datePublished":"2023-11-02T04:31:20+00:00","dateModified":"2023-11-03T10:57:15+00:00","breadcrumb":{"@id":"https:\/\/empower-solar.com\/en\/cookie-policy\/#breadcrumb"},"inLanguage":"es","potentialAction":[{"@type":"ReadAction","target":["https:\/\/empower-solar.com\/en\/cookie-policy\/"]}]},{"@type":"BreadcrumbList","@id":"https:\/\/empower-solar.com\/en\/cookie-policy\/#breadcrumb","itemListElement":[{"@type":"ListItem","position":1,"name":"Home","item":"https:\/\/empower-solar.com\/en\/"},{"@type":"ListItem","position":2,"name":"Cookie Policy"}]},{"@type":"WebSite","@id":"https:\/\/empower-solar.com\/en\/#website","url":"https:\/\/empower-solar.com\/en\/","name":"Energ\u00eda Solar","description":"Long Island + Compa\u00f1\u00eda Solar de Nueva York","publisher":{"@id":"https:\/\/empower-solar.com\/en\/#organization"},"potentialAction":[{"@type":"SearchAction","target":{"@type":"EntryPoint","urlTemplate":"https:\/\/empower-solar.com\/en\/?s={search_term_string}"},"query-input":{"@type":"PropertyValueSpecification","valueRequired":true,"valueName":"search_term_string"}}],"inLanguage":"es"},{"@type":"Organization","@id":"https:\/\/empower-solar.com\/en\/#organization","name":"Energ\u00eda Solar","url":"https:\/\/empower-solar.com\/en\/","logo":{"@type":"ImageObject","inLanguage":"es","@id":"https:\/\/empower-solar.com\/en\/#\/schema\/logo\/image\/","url":"http:\/\/www.empower-solar.com\/wp-content\/uploads\/2020\/10\/New-Logo-Social.jpg","contentUrl":"http:\/\/www.empower-solar.com\/wp-content\/uploads\/2020\/10\/New-Logo-Social.jpg","width":1000,"height":1000,"caption":"EmPower Solar"},"image":{"@id":"https:\/\/empower-solar.com\/en\/#\/schema\/logo\/image\/"}}]}},"jetpack_sharing_enabled":true,"_links":{"self":[{"href":"https:\/\/empower-solar.com\/es\/wp-json\/wp\/v2\/pages\/20627","targetHints":{"allow":["GET"]}}],"collection":[{"href":"https:\/\/empower-solar.com\/es\/wp-json\/wp\/v2\/pages"}],"about":[{"href":"https:\/\/empower-solar.com\/es\/wp-json\/wp\/v2\/types\/page"}],"author":[{"embeddable":true,"href":"https:\/\/empower-solar.com\/es\/wp-json\/wp\/v2\/users\/18"}],"replies":[{"embeddable":true,"href":"https:\/\/empower-solar.com\/es\/wp-json\/wp\/v2\/comments?post=20627"}],"version-history":[{"count":0,"href":"https:\/\/empower-solar.com\/es\/wp-json\/wp\/v2\/pages\/20627\/revisions"}],"wp:attachment":[{"href":"https:\/\/empower-solar.com\/es\/wp-json\/wp\/v2\/media?parent=20627"}],"curies":[{"name":"wp","href":"https:\/\/api.w.org\/{rel}","templated":true}]}}