{"id":1246,"date":"2020-10-10T01:46:57","date_gmt":"2020-10-10T01:46:57","guid":{"rendered":"https:\/\/www.empower-solar.com\/?page_id=1246"},"modified":"2024-11-25T17:47:41","modified_gmt":"2024-11-25T17:47:41","slug":"community-solar","status":"publish","type":"page","link":"https:\/\/empower-solar.com\/es\/community-solar\/","title":{"rendered":"Solar comunitario"},"content":{"rendered":"","protected":false},"excerpt":{"rendered":"","protected":false},"author":1,"featured_media":1165,"parent":0,"menu_order":0,"comment_status":"closed","ping_status":"closed","template":"tpl-internal.php","meta":{"_acf_changed":false,"nf_dc_page":"","footnotes":""},"class_list":["post-1246","page","type-page","status-publish","has-post-thumbnail","hentry"],"acf":[],"yoast_head":"<!-- This site is optimized with the Yoast SEO plugin v27.4 - https:\/\/yoast.com\/product\/yoast-seo-wordpress\/ -->\n<title>Community Solar New York - New York Community Solar Programs - EmPower Solar<\/title>\n<meta name=\"description\" content=\"Community solar enable customers to reduce their electric costs by providing access to the same central solar array. EmPower Solar is pioneering community solar!\" \/>\n<meta name=\"robots\" content=\"index, follow, max-snippet:-1, max-image-preview:large, max-video-preview:-1\" \/>\n<link rel=\"canonical\" href=\"https:\/\/empower-solar.com\/es\/community-solar\/\" \/>\n<meta property=\"og:locale\" content=\"es_ES\" \/>\n<meta property=\"og:type\" content=\"article\" \/>\n<meta property=\"og:title\" content=\"Community Solar New York - New York Community Solar Programs - EmPower Solar\" \/>\n<meta property=\"og:description\" content=\"Community solar enable customers to reduce their electric costs by providing access to the same central solar array. EmPower Solar is pioneering community solar!\" \/>\n<meta property=\"og:url\" content=\"https:\/\/empower-solar.com\/es\/community-solar\/\" \/>\n<meta property=\"og:site_name\" content=\"EmPower Solar\" \/>\n<meta property=\"article:modified_time\" content=\"2024-11-25T17:47:41+00:00\" \/>\n<meta property=\"og:image\" content=\"https:\/\/i0.wp.com\/empower-solar.com\/wp-content\/uploads\/2020\/10\/Sisters-of-St-Joseph-2-scaled.jpg?fit=2000%2C1125&ssl=1\" \/>\n\t<meta property=\"og:image:width\" content=\"2000\" \/>\n\t<meta property=\"og:image:height\" content=\"1125\" \/>\n\t<meta property=\"og:image:type\" content=\"image\/jpeg\" \/>\n<meta name=\"twitter:card\" content=\"summary_large_image\" \/>\n<meta name=\"twitter:label1\" content=\"Tiempo de lectura\" \/>\n\t<meta name=\"twitter:data1\" content=\"1 minuto\" \/>\n<script type=\"application\/ld+json\" class=\"yoast-schema-graph\">{\"@context\":\"https:\\\/\\\/schema.org\",\"@graph\":[{\"@type\":\"WebPage\",\"@id\":\"https:\\\/\\\/empower-solar.com\\\/en\\\/community-solar\\\/\",\"url\":\"https:\\\/\\\/empower-solar.com\\\/en\\\/community-solar\\\/\",\"name\":\"Community Solar New York - New York Community Solar Programs - EmPower Solar\",\"isPartOf\":{\"@id\":\"https:\\\/\\\/empower-solar.com\\\/en\\\/#website\"},\"primaryImageOfPage\":{\"@id\":\"https:\\\/\\\/empower-solar.com\\\/en\\\/community-solar\\\/#primaryimage\"},\"image\":{\"@id\":\"https:\\\/\\\/empower-solar.com\\\/en\\\/community-solar\\\/#primaryimage\"},\"thumbnailUrl\":\"https:\\\/\\\/i0.wp.com\\\/empower-solar.com\\\/wp-content\\\/uploads\\\/2020\\\/10\\\/Sisters-of-St-Joseph-2-scaled.jpg?fit=2000%2C1125&ssl=1\",\"datePublished\":\"2020-10-10T01:46:57+00:00\",\"dateModified\":\"2024-11-25T17:47:41+00:00\",\"description\":\"Community solar enable customers to reduce their electric costs by providing access to the same central solar array. EmPower Solar is pioneering community solar!\",\"breadcrumb\":{\"@id\":\"https:\\\/\\\/empower-solar.com\\\/en\\\/community-solar\\\/#breadcrumb\"},\"inLanguage\":\"es\",\"potentialAction\":[{\"@type\":\"ReadAction\",\"target\":[\"https:\\\/\\\/empower-solar.com\\\/en\\\/community-solar\\\/\"]}]},{\"@type\":\"ImageObject\",\"inLanguage\":\"es\",\"@id\":\"https:\\\/\\\/empower-solar.com\\\/en\\\/community-solar\\\/#primaryimage\",\"url\":\"https:\\\/\\\/i0.wp.com\\\/empower-solar.com\\\/wp-content\\\/uploads\\\/2020\\\/10\\\/Sisters-of-St-Joseph-2-scaled.jpg?fit=2000%2C1125&ssl=1\",\"contentUrl\":\"https:\\\/\\\/i0.wp.com\\\/empower-solar.com\\\/wp-content\\\/uploads\\\/2020\\\/10\\\/Sisters-of-St-Joseph-2-scaled.jpg?fit=2000%2C1125&ssl=1\",\"width\":2000,\"height\":1125,\"caption\":\"DCIM100MEDIADJI_0017.JPG\"},{\"@type\":\"BreadcrumbList\",\"@id\":\"https:\\\/\\\/empower-solar.com\\\/en\\\/community-solar\\\/#breadcrumb\",\"itemListElement\":[{\"@type\":\"ListItem\",\"position\":1,\"name\":\"Home\",\"item\":\"https:\\\/\\\/empower-solar.com\\\/en\\\/\"},{\"@type\":\"ListItem\",\"position\":2,\"name\":\"Community Solar\"}]},{\"@type\":\"WebSite\",\"@id\":\"https:\\\/\\\/empower-solar.com\\\/en\\\/#website\",\"url\":\"https:\\\/\\\/empower-solar.com\\\/en\\\/\",\"name\":\"EmPower Solar\",\"description\":\"Long Island + NYC Solar Company\",\"publisher\":{\"@id\":\"https:\\\/\\\/empower-solar.com\\\/en\\\/#organization\"},\"potentialAction\":[{\"@type\":\"SearchAction\",\"target\":{\"@type\":\"EntryPoint\",\"urlTemplate\":\"https:\\\/\\\/empower-solar.com\\\/en\\\/?s={search_term_string}\"},\"query-input\":{\"@type\":\"PropertyValueSpecification\",\"valueRequired\":true,\"valueName\":\"search_term_string\"}}],\"inLanguage\":\"es\"},{\"@type\":\"Organization\",\"@id\":\"https:\\\/\\\/empower-solar.com\\\/en\\\/#organization\",\"name\":\"EmPower Solar\",\"url\":\"https:\\\/\\\/empower-solar.com\\\/en\\\/\",\"logo\":{\"@type\":\"ImageObject\",\"inLanguage\":\"es\",\"@id\":\"https:\\\/\\\/empower-solar.com\\\/en\\\/#\\\/schema\\\/logo\\\/image\\\/\",\"url\":\"http:\\\/\\\/www.empower-solar.com\\\/wp-content\\\/uploads\\\/2020\\\/10\\\/New-Logo-Social.jpg\",\"contentUrl\":\"http:\\\/\\\/www.empower-solar.com\\\/wp-content\\\/uploads\\\/2020\\\/10\\\/New-Logo-Social.jpg\",\"width\":1000,\"height\":1000,\"caption\":\"EmPower Solar\"},\"image\":{\"@id\":\"https:\\\/\\\/empower-solar.com\\\/en\\\/#\\\/schema\\\/logo\\\/image\\\/\"}}]}<\/script>\n<!-- \/ Yoast SEO plugin. -->","yoast_head_json":{"title":"Community Solar New York - New York Community Solar Programs - EmPower Solar","description":"Community solar enable customers to reduce their electric costs by providing access to the same central solar array. EmPower Solar is pioneering community solar!","robots":{"index":"index","follow":"follow","max-snippet":"max-snippet:-1","max-image-preview":"max-image-preview:large","max-video-preview":"max-video-preview:-1"},"canonical":"https:\/\/empower-solar.com\/es\/community-solar\/","og_locale":"es_ES","og_type":"article","og_title":"Community Solar New York - New York Community Solar Programs - EmPower Solar","og_description":"Community solar enable customers to reduce their electric costs by providing access to the same central solar array. EmPower Solar is pioneering community solar!","og_url":"https:\/\/empower-solar.com\/es\/community-solar\/","og_site_name":"EmPower Solar","article_modified_time":"2024-11-25T17:47:41+00:00","og_image":[{"width":2000,"height":1125,"url":"https:\/\/i0.wp.com\/empower-solar.com\/wp-content\/uploads\/2020\/10\/Sisters-of-St-Joseph-2-scaled.jpg?fit=2000%2C1125&ssl=1","type":"image\/jpeg"}],"twitter_card":"summary_large_image","twitter_misc":{"Tiempo de lectura":"1 minuto"},"schema":{"@context":"https:\/\/schema.org","@graph":[{"@type":"WebPage","@id":"https:\/\/empower-solar.com\/en\/community-solar\/","url":"https:\/\/empower-solar.com\/en\/community-solar\/","name":"Community Solar New York - New York Community Solar Programs - EmPower Solar","isPartOf":{"@id":"https:\/\/empower-solar.com\/en\/#website"},"primaryImageOfPage":{"@id":"https:\/\/empower-solar.com\/en\/community-solar\/#primaryimage"},"image":{"@id":"https:\/\/empower-solar.com\/en\/community-solar\/#primaryimage"},"thumbnailUrl":"https:\/\/i0.wp.com\/empower-solar.com\/wp-content\/uploads\/2020\/10\/Sisters-of-St-Joseph-2-scaled.jpg?fit=2000%2C1125&ssl=1","datePublished":"2020-10-10T01:46:57+00:00","dateModified":"2024-11-25T17:47:41+00:00","description":"Community solar enable customers to reduce their electric costs by providing access to the same central solar array. EmPower Solar is pioneering community solar!","breadcrumb":{"@id":"https:\/\/empower-solar.com\/en\/community-solar\/#breadcrumb"},"inLanguage":"es","potentialAction":[{"@type":"ReadAction","target":["https:\/\/empower-solar.com\/en\/community-solar\/"]}]},{"@type":"ImageObject","inLanguage":"es","@id":"https:\/\/empower-solar.com\/en\/community-solar\/#primaryimage","url":"https:\/\/i0.wp.com\/empower-solar.com\/wp-content\/uploads\/2020\/10\/Sisters-of-St-Joseph-2-scaled.jpg?fit=2000%2C1125&ssl=1","contentUrl":"https:\/\/i0.wp.com\/empower-solar.com\/wp-content\/uploads\/2020\/10\/Sisters-of-St-Joseph-2-scaled.jpg?fit=2000%2C1125&ssl=1","width":2000,"height":1125,"caption":"DCIM100MEDIADJI_0017.JPG"},{"@type":"BreadcrumbList","@id":"https:\/\/empower-solar.com\/en\/community-solar\/#breadcrumb","itemListElement":[{"@type":"ListItem","position":1,"name":"Home","item":"https:\/\/empower-solar.com\/en\/"},{"@type":"ListItem","position":2,"name":"Community Solar"}]},{"@type":"WebSite","@id":"https:\/\/empower-solar.com\/en\/#website","url":"https:\/\/empower-solar.com\/en\/","name":"Energ\u00eda Solar","description":"Long Island + Compa\u00f1\u00eda Solar de Nueva York","publisher":{"@id":"https:\/\/empower-solar.com\/en\/#organization"},"potentialAction":[{"@type":"SearchAction","target":{"@type":"EntryPoint","urlTemplate":"https:\/\/empower-solar.com\/en\/?s={search_term_string}"},"query-input":{"@type":"PropertyValueSpecification","valueRequired":true,"valueName":"search_term_string"}}],"inLanguage":"es"},{"@type":"Organization","@id":"https:\/\/empower-solar.com\/en\/#organization","name":"Energ\u00eda Solar","url":"https:\/\/empower-solar.com\/en\/","logo":{"@type":"ImageObject","inLanguage":"es","@id":"https:\/\/empower-solar.com\/en\/#\/schema\/logo\/image\/","url":"http:\/\/www.empower-solar.com\/wp-content\/uploads\/2020\/10\/New-Logo-Social.jpg","contentUrl":"http:\/\/www.empower-solar.com\/wp-content\/uploads\/2020\/10\/New-Logo-Social.jpg","width":1000,"height":1000,"caption":"EmPower Solar"},"image":{"@id":"https:\/\/empower-solar.com\/en\/#\/schema\/logo\/image\/"}}]}},"jetpack_sharing_enabled":true,"_links":{"self":[{"href":"https:\/\/empower-solar.com\/es\/wp-json\/wp\/v2\/pages\/1246","targetHints":{"allow":["GET"]}}],"collection":[{"href":"https:\/\/empower-solar.com\/es\/wp-json\/wp\/v2\/pages"}],"about":[{"href":"https:\/\/empower-solar.com\/es\/wp-json\/wp\/v2\/types\/page"}],"author":[{"embeddable":true,"href":"https:\/\/empower-solar.com\/es\/wp-json\/wp\/v2\/users\/1"}],"replies":[{"embeddable":true,"href":"https:\/\/empower-solar.com\/es\/wp-json\/wp\/v2\/comments?post=1246"}],"version-history":[{"count":2,"href":"https:\/\/empower-solar.com\/es\/wp-json\/wp\/v2\/pages\/1246\/revisions"}],"predecessor-version":[{"id":27034,"href":"https:\/\/empower-solar.com\/es\/wp-json\/wp\/v2\/pages\/1246\/revisions\/27034"}],"wp:featuredmedia":[{"embeddable":true,"href":"https:\/\/empower-solar.com\/es\/wp-json\/wp\/v2\/media\/1165"}],"wp:attachment":[{"href":"https:\/\/empower-solar.com\/es\/wp-json\/wp\/v2\/media?parent=1246"}],"curies":[{"name":"wp","href":"https:\/\/api.w.org\/{rel}","templated":true}]}}