{"id":1245,"date":"2020-10-10T01:38:32","date_gmt":"2020-10-10T01:38:32","guid":{"rendered":"https:\/\/www.empower-solar.com\/?page_id=1245"},"modified":"2024-06-17T11:31:33","modified_gmt":"2024-06-17T11:31:33","slug":"electric-vehicles-old","status":"publish","type":"page","link":"https:\/\/empower-solar.com\/es\/electric-vehicles-old\/","title":{"rendered":"Veh\u00edculos el\u00e9ctricos + estaciones de carga solares para veh\u00edculos el\u00e9ctricos"},"content":{"rendered":"","protected":false},"excerpt":{"rendered":"","protected":false},"author":1,"featured_media":22306,"parent":0,"menu_order":0,"comment_status":"closed","ping_status":"closed","template":"tpl-internal.php","meta":{"_acf_changed":false,"nf_dc_page":"","footnotes":""},"class_list":["post-1245","page","type-page","status-publish","has-post-thumbnail","hentry"],"acf":[],"yoast_head":"<!-- This site is optimized with the Yoast SEO plugin v27.4 - https:\/\/yoast.com\/product\/yoast-seo-wordpress\/ -->\n<title>Electric Vehicles + Solar EV Charging Stations - EmPower Solar<\/title>\n<meta name=\"description\" content=\"Pair your electric vehicle with solar panel charging for maximum savings and energy efficiency. Read on to learn more about solar EV charging stations today!\" \/>\n<meta name=\"robots\" content=\"index, follow, max-snippet:-1, max-image-preview:large, max-video-preview:-1\" \/>\n<link rel=\"canonical\" href=\"https:\/\/empower-solar.com\/es\/electric-vehicles-old\/\" \/>\n<meta property=\"og:locale\" content=\"es_ES\" \/>\n<meta property=\"og:type\" content=\"article\" \/>\n<meta property=\"og:title\" content=\"Electric Vehicles + Solar EV Charging Stations - EmPower Solar\" \/>\n<meta property=\"og:description\" content=\"Pair your electric vehicle with solar panel charging for maximum savings and energy efficiency. Read on to learn more about solar EV charging stations today!\" \/>\n<meta property=\"og:url\" content=\"https:\/\/empower-solar.com\/es\/electric-vehicles-old\/\" \/>\n<meta property=\"og:site_name\" content=\"EmPower Solar\" \/>\n<meta property=\"article:modified_time\" content=\"2024-06-17T11:31:33+00:00\" \/>\n<meta property=\"og:image\" content=\"https:\/\/i0.wp.com\/empower-solar.com\/wp-content\/uploads\/2023\/12\/Charging-Your-EV-With-Solar-Panels-scaled.jpg?fit=2560%2C1710&ssl=1\" \/>\n\t<meta property=\"og:image:width\" content=\"2560\" \/>\n\t<meta property=\"og:image:height\" content=\"1710\" \/>\n\t<meta property=\"og:image:type\" content=\"image\/jpeg\" \/>\n<meta name=\"twitter:card\" content=\"summary_large_image\" \/>\n<meta name=\"twitter:label1\" content=\"Tiempo de lectura\" \/>\n\t<meta name=\"twitter:data1\" content=\"1 minuto\" \/>\n<script type=\"application\/ld+json\" class=\"yoast-schema-graph\">{\"@context\":\"https:\\\/\\\/schema.org\",\"@graph\":[{\"@type\":\"WebPage\",\"@id\":\"https:\\\/\\\/empower-solar.com\\\/en\\\/electric-vehicles-old\\\/\",\"url\":\"https:\\\/\\\/empower-solar.com\\\/en\\\/electric-vehicles-old\\\/\",\"name\":\"Electric Vehicles + Solar EV Charging Stations - EmPower Solar\",\"isPartOf\":{\"@id\":\"https:\\\/\\\/empower-solar.com\\\/en\\\/#website\"},\"primaryImageOfPage\":{\"@id\":\"https:\\\/\\\/empower-solar.com\\\/en\\\/electric-vehicles-old\\\/#primaryimage\"},\"image\":{\"@id\":\"https:\\\/\\\/empower-solar.com\\\/en\\\/electric-vehicles-old\\\/#primaryimage\"},\"thumbnailUrl\":\"https:\\\/\\\/i0.wp.com\\\/empower-solar.com\\\/wp-content\\\/uploads\\\/2023\\\/12\\\/Charging-Your-EV-With-Solar-Panels-scaled.jpg?fit=2560%2C1710&ssl=1\",\"datePublished\":\"2020-10-10T01:38:32+00:00\",\"dateModified\":\"2024-06-17T11:31:33+00:00\",\"description\":\"Pair your electric vehicle with solar panel charging for maximum savings and energy efficiency. Read on to learn more about solar EV charging stations today!\",\"breadcrumb\":{\"@id\":\"https:\\\/\\\/empower-solar.com\\\/en\\\/electric-vehicles-old\\\/#breadcrumb\"},\"inLanguage\":\"es\",\"potentialAction\":[{\"@type\":\"ReadAction\",\"target\":[\"https:\\\/\\\/empower-solar.com\\\/en\\\/electric-vehicles-old\\\/\"]}]},{\"@type\":\"ImageObject\",\"inLanguage\":\"es\",\"@id\":\"https:\\\/\\\/empower-solar.com\\\/en\\\/electric-vehicles-old\\\/#primaryimage\",\"url\":\"https:\\\/\\\/i0.wp.com\\\/empower-solar.com\\\/wp-content\\\/uploads\\\/2023\\\/12\\\/Charging-Your-EV-With-Solar-Panels-scaled.jpg?fit=2560%2C1710&ssl=1\",\"contentUrl\":\"https:\\\/\\\/i0.wp.com\\\/empower-solar.com\\\/wp-content\\\/uploads\\\/2023\\\/12\\\/Charging-Your-EV-With-Solar-Panels-scaled.jpg?fit=2560%2C1710&ssl=1\",\"width\":2560,\"height\":1710,\"caption\":\"Closeup electric vehicle plugged-in with cable from charging point powered for progressive concept by alternative clean energy rechargeable EV car at home charging station.\"},{\"@type\":\"BreadcrumbList\",\"@id\":\"https:\\\/\\\/empower-solar.com\\\/en\\\/electric-vehicles-old\\\/#breadcrumb\",\"itemListElement\":[{\"@type\":\"ListItem\",\"position\":1,\"name\":\"Home\",\"item\":\"https:\\\/\\\/empower-solar.com\\\/en\\\/\"},{\"@type\":\"ListItem\",\"position\":2,\"name\":\"Electric Vehicles + Solar EV Charging Stations\"}]},{\"@type\":\"WebSite\",\"@id\":\"https:\\\/\\\/empower-solar.com\\\/en\\\/#website\",\"url\":\"https:\\\/\\\/empower-solar.com\\\/en\\\/\",\"name\":\"EmPower Solar\",\"description\":\"Long Island + NYC Solar Company\",\"publisher\":{\"@id\":\"https:\\\/\\\/empower-solar.com\\\/en\\\/#organization\"},\"potentialAction\":[{\"@type\":\"SearchAction\",\"target\":{\"@type\":\"EntryPoint\",\"urlTemplate\":\"https:\\\/\\\/empower-solar.com\\\/en\\\/?s={search_term_string}\"},\"query-input\":{\"@type\":\"PropertyValueSpecification\",\"valueRequired\":true,\"valueName\":\"search_term_string\"}}],\"inLanguage\":\"es\"},{\"@type\":\"Organization\",\"@id\":\"https:\\\/\\\/empower-solar.com\\\/en\\\/#organization\",\"name\":\"EmPower Solar\",\"url\":\"https:\\\/\\\/empower-solar.com\\\/en\\\/\",\"logo\":{\"@type\":\"ImageObject\",\"inLanguage\":\"es\",\"@id\":\"https:\\\/\\\/empower-solar.com\\\/en\\\/#\\\/schema\\\/logo\\\/image\\\/\",\"url\":\"http:\\\/\\\/www.empower-solar.com\\\/wp-content\\\/uploads\\\/2020\\\/10\\\/New-Logo-Social.jpg\",\"contentUrl\":\"http:\\\/\\\/www.empower-solar.com\\\/wp-content\\\/uploads\\\/2020\\\/10\\\/New-Logo-Social.jpg\",\"width\":1000,\"height\":1000,\"caption\":\"EmPower Solar\"},\"image\":{\"@id\":\"https:\\\/\\\/empower-solar.com\\\/en\\\/#\\\/schema\\\/logo\\\/image\\\/\"}}]}<\/script>\n<!-- \/ Yoast SEO plugin. -->","yoast_head_json":{"title":"Electric Vehicles + Solar EV Charging Stations - EmPower Solar","description":"Pair your electric vehicle with solar panel charging for maximum savings and energy efficiency. Read on to learn more about solar EV charging stations today!","robots":{"index":"index","follow":"follow","max-snippet":"max-snippet:-1","max-image-preview":"max-image-preview:large","max-video-preview":"max-video-preview:-1"},"canonical":"https:\/\/empower-solar.com\/es\/electric-vehicles-old\/","og_locale":"es_ES","og_type":"article","og_title":"Electric Vehicles + Solar EV Charging Stations - EmPower Solar","og_description":"Pair your electric vehicle with solar panel charging for maximum savings and energy efficiency. Read on to learn more about solar EV charging stations today!","og_url":"https:\/\/empower-solar.com\/es\/electric-vehicles-old\/","og_site_name":"EmPower Solar","article_modified_time":"2024-06-17T11:31:33+00:00","og_image":[{"width":2560,"height":1710,"url":"https:\/\/i0.wp.com\/empower-solar.com\/wp-content\/uploads\/2023\/12\/Charging-Your-EV-With-Solar-Panels-scaled.jpg?fit=2560%2C1710&ssl=1","type":"image\/jpeg"}],"twitter_card":"summary_large_image","twitter_misc":{"Tiempo de lectura":"1 minuto"},"schema":{"@context":"https:\/\/schema.org","@graph":[{"@type":"WebPage","@id":"https:\/\/empower-solar.com\/en\/electric-vehicles-old\/","url":"https:\/\/empower-solar.com\/en\/electric-vehicles-old\/","name":"Electric Vehicles + Solar EV Charging Stations - EmPower Solar","isPartOf":{"@id":"https:\/\/empower-solar.com\/en\/#website"},"primaryImageOfPage":{"@id":"https:\/\/empower-solar.com\/en\/electric-vehicles-old\/#primaryimage"},"image":{"@id":"https:\/\/empower-solar.com\/en\/electric-vehicles-old\/#primaryimage"},"thumbnailUrl":"https:\/\/i0.wp.com\/empower-solar.com\/wp-content\/uploads\/2023\/12\/Charging-Your-EV-With-Solar-Panels-scaled.jpg?fit=2560%2C1710&ssl=1","datePublished":"2020-10-10T01:38:32+00:00","dateModified":"2024-06-17T11:31:33+00:00","description":"Pair your electric vehicle with solar panel charging for maximum savings and energy efficiency. Read on to learn more about solar EV charging stations today!","breadcrumb":{"@id":"https:\/\/empower-solar.com\/en\/electric-vehicles-old\/#breadcrumb"},"inLanguage":"es","potentialAction":[{"@type":"ReadAction","target":["https:\/\/empower-solar.com\/en\/electric-vehicles-old\/"]}]},{"@type":"ImageObject","inLanguage":"es","@id":"https:\/\/empower-solar.com\/en\/electric-vehicles-old\/#primaryimage","url":"https:\/\/i0.wp.com\/empower-solar.com\/wp-content\/uploads\/2023\/12\/Charging-Your-EV-With-Solar-Panels-scaled.jpg?fit=2560%2C1710&ssl=1","contentUrl":"https:\/\/i0.wp.com\/empower-solar.com\/wp-content\/uploads\/2023\/12\/Charging-Your-EV-With-Solar-Panels-scaled.jpg?fit=2560%2C1710&ssl=1","width":2560,"height":1710,"caption":"Closeup electric vehicle plugged-in with cable from charging point powered for progressive concept by alternative clean energy rechargeable EV car at home charging station."},{"@type":"BreadcrumbList","@id":"https:\/\/empower-solar.com\/en\/electric-vehicles-old\/#breadcrumb","itemListElement":[{"@type":"ListItem","position":1,"name":"Home","item":"https:\/\/empower-solar.com\/en\/"},{"@type":"ListItem","position":2,"name":"Electric Vehicles + Solar EV Charging Stations"}]},{"@type":"WebSite","@id":"https:\/\/empower-solar.com\/en\/#website","url":"https:\/\/empower-solar.com\/en\/","name":"Energ\u00eda Solar","description":"Long Island + Compa\u00f1\u00eda Solar de Nueva York","publisher":{"@id":"https:\/\/empower-solar.com\/en\/#organization"},"potentialAction":[{"@type":"SearchAction","target":{"@type":"EntryPoint","urlTemplate":"https:\/\/empower-solar.com\/en\/?s={search_term_string}"},"query-input":{"@type":"PropertyValueSpecification","valueRequired":true,"valueName":"search_term_string"}}],"inLanguage":"es"},{"@type":"Organization","@id":"https:\/\/empower-solar.com\/en\/#organization","name":"Energ\u00eda Solar","url":"https:\/\/empower-solar.com\/en\/","logo":{"@type":"ImageObject","inLanguage":"es","@id":"https:\/\/empower-solar.com\/en\/#\/schema\/logo\/image\/","url":"http:\/\/www.empower-solar.com\/wp-content\/uploads\/2020\/10\/New-Logo-Social.jpg","contentUrl":"http:\/\/www.empower-solar.com\/wp-content\/uploads\/2020\/10\/New-Logo-Social.jpg","width":1000,"height":1000,"caption":"EmPower Solar"},"image":{"@id":"https:\/\/empower-solar.com\/en\/#\/schema\/logo\/image\/"}}]}},"jetpack_sharing_enabled":true,"_links":{"self":[{"href":"https:\/\/empower-solar.com\/es\/wp-json\/wp\/v2\/pages\/1245","targetHints":{"allow":["GET"]}}],"collection":[{"href":"https:\/\/empower-solar.com\/es\/wp-json\/wp\/v2\/pages"}],"about":[{"href":"https:\/\/empower-solar.com\/es\/wp-json\/wp\/v2\/types\/page"}],"author":[{"embeddable":true,"href":"https:\/\/empower-solar.com\/es\/wp-json\/wp\/v2\/users\/1"}],"replies":[{"embeddable":true,"href":"https:\/\/empower-solar.com\/es\/wp-json\/wp\/v2\/comments?post=1245"}],"version-history":[{"count":0,"href":"https:\/\/empower-solar.com\/es\/wp-json\/wp\/v2\/pages\/1245\/revisions"}],"wp:featuredmedia":[{"embeddable":true,"href":"https:\/\/empower-solar.com\/es\/wp-json\/wp\/v2\/media\/22306"}],"wp:attachment":[{"href":"https:\/\/empower-solar.com\/es\/wp-json\/wp\/v2\/media?parent=1245"}],"curies":[{"name":"wp","href":"https:\/\/api.w.org\/{rel}","templated":true}]}}